{"id":328,"date":"2025-03-31T19:04:01","date_gmt":"2025-03-31T19:04:01","guid":{"rendered":"https:\/\/kupka.show\/?page_id=328"},"modified":"2025-03-31T19:07:39","modified_gmt":"2025-03-31T19:07:39","slug":"elementor-328","status":"publish","type":"page","link":"https:\/\/kupka.show\/hr\/elementor-328\/","title":{"rendered":"Elementor #328"},"content":{"rendered":"<div data-elementor-type=\"wp-page\" data-elementor-id=\"328\" class=\"elementor elementor-328\">\n\t\t\t\t<div class=\"elementor-element elementor-element-18eeff0 e-flex e-con-boxed e-con e-parent\" data-id=\"18eeff0\" data-element_type=\"container\">\n\t\t\t\t\t<div class=\"e-con-inner\">\n\t\t\t\t<div class=\"elementor-element elementor-element-4f6bba7 elementor-widget elementor-widget-image\" data-id=\"4f6bba7\" data-element_type=\"widget\" data-widget_type=\"image.default\">\n\t\t\t\t<div class=\"elementor-widget-container\">\n\t\t\t\t\t\t\t\t\t\t\t\t\t\t\t<img fetchpriority=\"high\" decoding=\"async\" width=\"640\" height=\"427\" src=\"https:\/\/kupka.show\/wp-content\/uploads\/2025\/03\/IMG_7753-1024x683.jpeg\" class=\"attachment-large size-large wp-image-330\" alt=\"\" srcset=\"https:\/\/kupka.show\/wp-content\/uploads\/2025\/03\/IMG_7753-1024x683.jpeg 1024w, https:\/\/kupka.show\/wp-content\/uploads\/2025\/03\/IMG_7753-300x200.jpeg 300w, https:\/\/kupka.show\/wp-content\/uploads\/2025\/03\/IMG_7753-768x512.jpeg 768w, https:\/\/kupka.show\/wp-content\/uploads\/2025\/03\/IMG_7753-1536x1024.jpeg 1536w, https:\/\/kupka.show\/wp-content\/uploads\/2025\/03\/IMG_7753-18x12.jpeg 18w, https:\/\/kupka.show\/wp-content\/uploads\/2025\/03\/IMG_7753-600x400.jpeg 600w, https:\/\/kupka.show\/wp-content\/uploads\/2025\/03\/IMG_7753.jpeg 2048w\" sizes=\"(max-width: 640px) 100vw, 640px\" \/>\t\t\t\t\t\t\t\t\t\t\t\t\t\t\t<\/div>\n\t\t\t\t<\/div>\n\t\t\t\t<div class=\"elementor-element elementor-element-27a3b2f elementor-widget elementor-widget-heading\" data-id=\"27a3b2f\" data-element_type=\"widget\" data-widget_type=\"heading.default\">\n\t\t\t\t<div class=\"elementor-widget-container\">\n\t\t\t\t\t<h1 class=\"elementor-heading-title elementor-size-default\"><span style=\"font-family: Arial, Helvetica, sans-serif;font-size: small;font-weight: 400\">Jedan od popratnih sadr\u017eaja KupKa Scale Model Showa biti \u0107e vo\u017enja crtom boji\u0161nice s brigadirom u miru Dubravkom Halovani\u0107em! Vo\u017enja \u0107e trajati cca 40 minuta, a cijena po osobi je 5\u20ac! (Djeca do 5 godina besplatno!) Vo\u017enje \u0107e se odr\u017eavati od 10:00-16:00!<\/span><\/h1>\t\t\t\t<\/div>\n\t\t\t\t<\/div>\n\t\t\t\t<div class=\"elementor-element elementor-element-7ff907f elementor-widget elementor-widget-image\" data-id=\"7ff907f\" data-element_type=\"widget\" data-widget_type=\"image.default\">\n\t\t\t\t<div class=\"elementor-widget-container\">\n\t\t\t\t\t\t\t\t\t\t\t\t\t\t\t<img decoding=\"async\" width=\"640\" height=\"608\" src=\"https:\/\/kupka.show\/wp-content\/uploads\/2025\/03\/IMG_8610.jpeg\" class=\"attachment-large size-large wp-image-332\" alt=\"\" srcset=\"https:\/\/kupka.show\/wp-content\/uploads\/2025\/03\/IMG_8610.jpeg 827w, https:\/\/kupka.show\/wp-content\/uploads\/2025\/03\/IMG_8610-300x285.jpeg 300w, https:\/\/kupka.show\/wp-content\/uploads\/2025\/03\/IMG_8610-768x730.jpeg 768w, https:\/\/kupka.show\/wp-content\/uploads\/2025\/03\/IMG_8610-13x12.jpeg 13w\" sizes=\"(max-width: 640px) 100vw, 640px\" \/>\t\t\t\t\t\t\t\t\t\t\t\t\t\t\t<\/div>\n\t\t\t\t<\/div>\n\t\t\t\t\t<\/div>\n\t\t\t\t<\/div>\n\t\t\t\t<\/div>","protected":false},"excerpt":{"rendered":"<p>Jedan od popratnih sadr\u017eaja KupKa Scale Model Showa biti \u0107e vo\u017enja crtom boji\u0161nice s brigadirom u miru Dubravkom Halovani\u0107em! Vo\u017enja \u0107e trajati cca 40 minuta, a cijena po osobi je 5\u20ac! (Djeca do 5 godina besplatno!) Vo\u017enje \u0107e se odr\u017eavati od 10:00-16:00!<\/p>","protected":false},"author":1,"featured_media":0,"parent":0,"menu_order":0,"comment_status":"closed","ping_status":"closed","template":"","meta":{"footnotes":""},"class_list":["post-328","page","type-page","status-publish","hentry"],"yoast_head":"<!-- This site is optimized with the Yoast SEO plugin v25.0 - https:\/\/yoast.com\/wordpress\/plugins\/seo\/ -->\n<title>Elementor #328 - KupKa Scale Model Show<\/title>\n<meta name=\"robots\" content=\"index, follow, max-snippet:-1, max-image-preview:large, max-video-preview:-1\" \/>\n<link rel=\"canonical\" href=\"https:\/\/kupka.show\/hr\/elementor-328\/\" \/>\n<meta property=\"og:locale\" content=\"hr_HR\" \/>\n<meta property=\"og:type\" content=\"article\" \/>\n<meta property=\"og:title\" content=\"Elementor #328 - KupKa Scale Model Show\" \/>\n<meta property=\"og:description\" content=\"One of the accompanying events of the KupKa Scale Model Show will be a ride along the front line with a retired Brigadier Dubravko Halovani\u0107! The ride will last approximately 40 minutes, and the price per person is \u20ac5! (Children under 5 years old: free!) 10:00-16:00!\" \/>\n<meta property=\"og:url\" content=\"https:\/\/kupka.show\/hr\/elementor-328\/\" \/>\n<meta property=\"og:site_name\" content=\"KupKa Scale Model Show\" \/>\n<meta property=\"article:publisher\" content=\"https:\/\/www.facebook.com\/KupKaShow\" \/>\n<meta property=\"article:modified_time\" content=\"2025-03-31T19:07:39+00:00\" \/>\n<meta property=\"og:image\" content=\"https:\/\/kupka.show\/wp-content\/uploads\/2025\/03\/IMG_7753.jpeg\" \/>\n\t<meta property=\"og:image:width\" content=\"2048\" \/>\n\t<meta property=\"og:image:height\" content=\"1365\" \/>\n\t<meta property=\"og:image:type\" content=\"image\/jpeg\" \/>\n<meta name=\"twitter:card\" content=\"summary_large_image\" \/>\n<script type=\"application\/ld+json\" class=\"yoast-schema-graph\">{\"@context\":\"https:\/\/schema.org\",\"@graph\":[{\"@type\":\"WebPage\",\"@id\":\"https:\/\/kupka.show\/elementor-328\/\",\"url\":\"https:\/\/kupka.show\/elementor-328\/\",\"name\":\"Elementor #328 - KupKa Scale Model Show\",\"isPartOf\":{\"@id\":\"https:\/\/kupka.show\/#website\"},\"primaryImageOfPage\":{\"@id\":\"https:\/\/kupka.show\/elementor-328\/#primaryimage\"},\"image\":{\"@id\":\"https:\/\/kupka.show\/elementor-328\/#primaryimage\"},\"thumbnailUrl\":\"https:\/\/kupka.show\/wp-content\/uploads\/2025\/03\/IMG_7753-1024x683.jpeg\",\"datePublished\":\"2025-03-31T19:04:01+00:00\",\"dateModified\":\"2025-03-31T19:07:39+00:00\",\"breadcrumb\":{\"@id\":\"https:\/\/kupka.show\/elementor-328\/#breadcrumb\"},\"inLanguage\":\"hr\",\"potentialAction\":[{\"@type\":\"ReadAction\",\"target\":[\"https:\/\/kupka.show\/elementor-328\/\"]}]},{\"@type\":\"ImageObject\",\"inLanguage\":\"hr\",\"@id\":\"https:\/\/kupka.show\/elementor-328\/#primaryimage\",\"url\":\"https:\/\/kupka.show\/wp-content\/uploads\/2025\/03\/IMG_7753-1024x683.jpeg\",\"contentUrl\":\"https:\/\/kupka.show\/wp-content\/uploads\/2025\/03\/IMG_7753-1024x683.jpeg\"},{\"@type\":\"BreadcrumbList\",\"@id\":\"https:\/\/kupka.show\/elementor-328\/#breadcrumb\",\"itemListElement\":[{\"@type\":\"ListItem\",\"position\":1,\"name\":\"Home\",\"item\":\"https:\/\/kupka.show\/\"},{\"@type\":\"ListItem\",\"position\":2,\"name\":\"Elementor #328\"}]},{\"@type\":\"WebSite\",\"@id\":\"https:\/\/kupka.show\/#website\",\"url\":\"https:\/\/kupka.show\/\",\"name\":\"KupKa Scale Model Show\",\"description\":\"KupKa Scale Model Show\",\"publisher\":{\"@id\":\"https:\/\/kupka.show\/#organization\"},\"potentialAction\":[{\"@type\":\"SearchAction\",\"target\":{\"@type\":\"EntryPoint\",\"urlTemplate\":\"https:\/\/kupka.show\/?s={search_term_string}\"},\"query-input\":{\"@type\":\"PropertyValueSpecification\",\"valueRequired\":true,\"valueName\":\"search_term_string\"}}],\"inLanguage\":\"hr\"},{\"@type\":\"Organization\",\"@id\":\"https:\/\/kupka.show\/#organization\",\"name\":\"KupKa Scale Model Show\",\"url\":\"https:\/\/kupka.show\/\",\"logo\":{\"@type\":\"ImageObject\",\"inLanguage\":\"hr\",\"@id\":\"https:\/\/kupka.show\/#\/schema\/logo\/image\/\",\"url\":\"https:\/\/kupka.show\/wp-content\/uploads\/2023\/09\/cropped-KupKA_logotip_FINAL_POZITIV_blue-1.png\",\"contentUrl\":\"https:\/\/kupka.show\/wp-content\/uploads\/2023\/09\/cropped-KupKA_logotip_FINAL_POZITIV_blue-1.png\",\"width\":512,\"height\":512,\"caption\":\"KupKa Scale Model Show\"},\"image\":{\"@id\":\"https:\/\/kupka.show\/#\/schema\/logo\/image\/\"},\"sameAs\":[\"https:\/\/www.facebook.com\/KupKaShow\",\"https:\/\/www.instagram.com\/kupka_scale_model_show\/\"]}]}<\/script>\n<!-- \/ Yoast SEO plugin. -->","yoast_head_json":{"title":"Elementor #328 - KupKa Scale Model Show","robots":{"index":"index","follow":"follow","max-snippet":"max-snippet:-1","max-image-preview":"max-image-preview:large","max-video-preview":"max-video-preview:-1"},"canonical":"https:\/\/kupka.show\/hr\/elementor-328\/","og_locale":"hr_HR","og_type":"article","og_title":"Elementor #328 - KupKa Scale Model Show","og_description":"One of the accompanying events of the KupKa Scale Model Show will be a ride along the front line with a retired Brigadier Dubravko Halovani\u0107! The ride will last approximately 40 minutes, and the price per person is \u20ac5! (Children under 5 years old: free!) 10:00-16:00!","og_url":"https:\/\/kupka.show\/hr\/elementor-328\/","og_site_name":"KupKa Scale Model Show","article_publisher":"https:\/\/www.facebook.com\/KupKaShow","article_modified_time":"2025-03-31T19:07:39+00:00","og_image":[{"width":2048,"height":1365,"url":"https:\/\/kupka.show\/wp-content\/uploads\/2025\/03\/IMG_7753.jpeg","type":"image\/jpeg"}],"twitter_card":"summary_large_image","schema":{"@context":"https:\/\/schema.org","@graph":[{"@type":"WebPage","@id":"https:\/\/kupka.show\/elementor-328\/","url":"https:\/\/kupka.show\/elementor-328\/","name":"Elementor #328 - KupKa Scale Model Show","isPartOf":{"@id":"https:\/\/kupka.show\/#website"},"primaryImageOfPage":{"@id":"https:\/\/kupka.show\/elementor-328\/#primaryimage"},"image":{"@id":"https:\/\/kupka.show\/elementor-328\/#primaryimage"},"thumbnailUrl":"https:\/\/kupka.show\/wp-content\/uploads\/2025\/03\/IMG_7753-1024x683.jpeg","datePublished":"2025-03-31T19:04:01+00:00","dateModified":"2025-03-31T19:07:39+00:00","breadcrumb":{"@id":"https:\/\/kupka.show\/elementor-328\/#breadcrumb"},"inLanguage":"hr","potentialAction":[{"@type":"ReadAction","target":["https:\/\/kupka.show\/elementor-328\/"]}]},{"@type":"ImageObject","inLanguage":"hr","@id":"https:\/\/kupka.show\/elementor-328\/#primaryimage","url":"https:\/\/kupka.show\/wp-content\/uploads\/2025\/03\/IMG_7753-1024x683.jpeg","contentUrl":"https:\/\/kupka.show\/wp-content\/uploads\/2025\/03\/IMG_7753-1024x683.jpeg"},{"@type":"BreadcrumbList","@id":"https:\/\/kupka.show\/elementor-328\/#breadcrumb","itemListElement":[{"@type":"ListItem","position":1,"name":"Home","item":"https:\/\/kupka.show\/"},{"@type":"ListItem","position":2,"name":"Elementor #328"}]},{"@type":"WebSite","@id":"https:\/\/kupka.show\/#website","url":"https:\/\/kupka.show\/","name":"KupKa Scale Model Show","description":"KupKa Scale Model Show","publisher":{"@id":"https:\/\/kupka.show\/#organization"},"potentialAction":[{"@type":"SearchAction","target":{"@type":"EntryPoint","urlTemplate":"https:\/\/kupka.show\/?s={search_term_string}"},"query-input":{"@type":"PropertyValueSpecification","valueRequired":true,"valueName":"search_term_string"}}],"inLanguage":"hr"},{"@type":"Organization","@id":"https:\/\/kupka.show\/#organization","name":"KupKa Scale Model Show","url":"https:\/\/kupka.show\/","logo":{"@type":"ImageObject","inLanguage":"hr","@id":"https:\/\/kupka.show\/#\/schema\/logo\/image\/","url":"https:\/\/kupka.show\/wp-content\/uploads\/2023\/09\/cropped-KupKA_logotip_FINAL_POZITIV_blue-1.png","contentUrl":"https:\/\/kupka.show\/wp-content\/uploads\/2023\/09\/cropped-KupKA_logotip_FINAL_POZITIV_blue-1.png","width":512,"height":512,"caption":"KupKa Scale Model Show"},"image":{"@id":"https:\/\/kupka.show\/#\/schema\/logo\/image\/"},"sameAs":["https:\/\/www.facebook.com\/KupKaShow","https:\/\/www.instagram.com\/kupka_scale_model_show\/"]}]}},"_links":{"self":[{"href":"https:\/\/kupka.show\/hr\/wp-json\/wp\/v2\/pages\/328","targetHints":{"allow":["GET"]}}],"collection":[{"href":"https:\/\/kupka.show\/hr\/wp-json\/wp\/v2\/pages"}],"about":[{"href":"https:\/\/kupka.show\/hr\/wp-json\/wp\/v2\/types\/page"}],"author":[{"embeddable":true,"href":"https:\/\/kupka.show\/hr\/wp-json\/wp\/v2\/users\/1"}],"replies":[{"embeddable":true,"href":"https:\/\/kupka.show\/hr\/wp-json\/wp\/v2\/comments?post=328"}],"version-history":[{"count":4,"href":"https:\/\/kupka.show\/hr\/wp-json\/wp\/v2\/pages\/328\/revisions"}],"predecessor-version":[{"id":335,"href":"https:\/\/kupka.show\/hr\/wp-json\/wp\/v2\/pages\/328\/revisions\/335"}],"wp:attachment":[{"href":"https:\/\/kupka.show\/hr\/wp-json\/wp\/v2\/media?parent=328"}],"curies":[{"name":"wp","href":"https:\/\/api.w.org\/{rel}","templated":true}]}}