{"id":160,"date":"2025-03-31T19:08:18","date_gmt":"2025-03-31T19:08:18","guid":{"rendered":"https:\/\/kupka.show\/?page_id=160"},"modified":"2026-03-15T13:46:43","modified_gmt":"2026-03-15T13:46:43","slug":"activities","status":"publish","type":"page","link":"https:\/\/kupka.show\/hr\/activities\/","title":{"rendered":"Aktivnosti"},"content":{"rendered":"<div data-elementor-type=\"wp-page\" data-elementor-id=\"160\" class=\"elementor elementor-160\">\n\t\t\t\t<div class=\"elementor-element elementor-element-23bfde7 e-flex e-con-boxed e-con e-parent\" data-id=\"23bfde7\" data-element_type=\"container\">\n\t\t\t\t\t<div class=\"e-con-inner\">\n\t\t\t\t<div class=\"elementor-element elementor-element-e9a122a elementor-widget elementor-widget-image\" data-id=\"e9a122a\" data-element_type=\"widget\" data-widget_type=\"image.default\">\n\t\t\t\t<div class=\"elementor-widget-container\">\n\t\t\t\t\t\t\t\t\t\t\t\t\t\t\t<img fetchpriority=\"high\" decoding=\"async\" width=\"2048\" height=\"1365\" src=\"https:\/\/kupka.show\/wp-content\/uploads\/2026\/03\/pinz.jpg\" class=\"attachment-full size-full wp-image-665\" alt=\"\" srcset=\"https:\/\/kupka.show\/wp-content\/uploads\/2026\/03\/pinz.jpg 2048w, https:\/\/kupka.show\/wp-content\/uploads\/2026\/03\/pinz-300x200.jpg 300w, https:\/\/kupka.show\/wp-content\/uploads\/2026\/03\/pinz-1024x683.jpg 1024w, https:\/\/kupka.show\/wp-content\/uploads\/2026\/03\/pinz-768x512.jpg 768w, https:\/\/kupka.show\/wp-content\/uploads\/2026\/03\/pinz-1536x1024.jpg 1536w, https:\/\/kupka.show\/wp-content\/uploads\/2026\/03\/pinz-18x12.jpg 18w, https:\/\/kupka.show\/wp-content\/uploads\/2026\/03\/pinz-600x400.jpg 600w\" sizes=\"(max-width: 2048px) 100vw, 2048px\" \/>\t\t\t\t\t\t\t\t\t\t\t\t\t\t\t<\/div>\n\t\t\t\t<\/div>\n\t\t\t\t\t<\/div>\n\t\t\t\t<\/div>\n\t\t<div class=\"elementor-element elementor-element-089fa26 e-flex e-con-boxed e-con e-parent\" data-id=\"089fa26\" data-element_type=\"container\">\n\t\t\t\t\t<div class=\"e-con-inner\">\n\t\t\t\t<div class=\"elementor-element elementor-element-5d736ac elementor-widget elementor-widget-heading\" data-id=\"5d736ac\" data-element_type=\"widget\" data-widget_type=\"heading.default\">\n\t\t\t\t<div class=\"elementor-widget-container\">\n\t\t\t\t\t<h3 class=\"elementor-heading-title elementor-size-default\">Jedan od popratnih sadr\u017eaja KupKa Scale Model Showa biti \u0107e vo\u017enja crtom boji\u0161nice s brigadirom u miru Dubravkom Halovani\u0107em! Vo\u017enja \u0107e trajati cca 40 minuta, a cijena po osobi je 5\u20ac! (Djeca do 5 godina besplatno!) Vo\u017enje \u0107e se odr\u017eavati od 10:00-16:00!<\/h3>\t\t\t\t<\/div>\n\t\t\t\t<\/div>\n\t\t\t\t\t<\/div>\n\t\t\t\t<\/div>\n\t\t<div class=\"elementor-element elementor-element-22c40e3 e-flex e-con-boxed e-con e-parent\" data-id=\"22c40e3\" data-element_type=\"container\">\n\t\t\t\t\t<div class=\"e-con-inner\">\n\t\t\t\t<div class=\"elementor-element elementor-element-728bbde elementor-widget elementor-widget-image\" data-id=\"728bbde\" data-element_type=\"widget\" data-widget_type=\"image.default\">\n\t\t\t\t<div class=\"elementor-widget-container\">\n\t\t\t\t\t\t\t\t\t\t\t\t\t\t\t<img decoding=\"async\" width=\"640\" height=\"608\" src=\"https:\/\/kupka.show\/wp-content\/uploads\/2025\/03\/IMG_8610.jpeg\" class=\"attachment-large size-large wp-image-332\" alt=\"\" srcset=\"https:\/\/kupka.show\/wp-content\/uploads\/2025\/03\/IMG_8610.jpeg 827w, https:\/\/kupka.show\/wp-content\/uploads\/2025\/03\/IMG_8610-300x285.jpeg 300w, https:\/\/kupka.show\/wp-content\/uploads\/2025\/03\/IMG_8610-768x730.jpeg 768w, https:\/\/kupka.show\/wp-content\/uploads\/2025\/03\/IMG_8610-13x12.jpeg 13w\" sizes=\"(max-width: 640px) 100vw, 640px\" \/>\t\t\t\t\t\t\t\t\t\t\t\t\t\t\t<\/div>\n\t\t\t\t<\/div>\n\t\t\t\t\t<\/div>\n\t\t\t\t<\/div>\n\t\t\t\t<\/div>","protected":false},"excerpt":{"rendered":"<p>Jedan od popratnih sadr\u017eaja KupKa Scale Model Showa biti \u0107e vo\u017enja crtom boji\u0161nice s brigadirom u miru Dubravkom Halovani\u0107em! Vo\u017enja \u0107e trajati cca 40 minuta, a cijena po osobi je 5\u20ac! (Djeca do 5 godina besplatno!) Vo\u017enje \u0107e se odr\u017eavati od 10:00-16:00!<\/p>","protected":false},"author":1,"featured_media":0,"parent":0,"menu_order":0,"comment_status":"closed","ping_status":"closed","template":"","meta":{"footnotes":""},"class_list":["post-160","page","type-page","status-publish","hentry"],"yoast_head":"<!-- This site is optimized with the Yoast SEO plugin v25.0 - https:\/\/yoast.com\/wordpress\/plugins\/seo\/ -->\n<title>Activities - KupKa Scale Model Show<\/title>\n<meta name=\"robots\" content=\"index, follow, max-snippet:-1, max-image-preview:large, max-video-preview:-1\" \/>\n<link rel=\"canonical\" href=\"https:\/\/kupka.show\/hr\/activities\/\" \/>\n<meta property=\"og:locale\" content=\"hr_HR\" \/>\n<meta property=\"og:type\" content=\"article\" \/>\n<meta property=\"og:title\" content=\"Activities - KupKa Scale Model Show\" \/>\n<meta property=\"og:description\" content=\"One of the accompanying events of the KupKa Scale Model Show will be a ride along the front line with a retired Brigadier Dubravko Halovani\u0107! The ride will last approximately 40 minutes, and the price per person is \u20ac5! (Children under 5 years old: free!) 10:00-16:00!\" \/>\n<meta property=\"og:url\" content=\"https:\/\/kupka.show\/hr\/activities\/\" \/>\n<meta property=\"og:site_name\" content=\"KupKa Scale Model Show\" \/>\n<meta property=\"article:publisher\" content=\"https:\/\/www.facebook.com\/KupKaShow\" \/>\n<meta property=\"article:modified_time\" content=\"2026-03-15T13:46:43+00:00\" \/>\n<meta property=\"og:image\" content=\"https:\/\/kupka.show\/wp-content\/uploads\/2026\/03\/pinz.jpg\" \/>\n\t<meta property=\"og:image:width\" content=\"2048\" \/>\n\t<meta property=\"og:image:height\" content=\"1365\" \/>\n\t<meta property=\"og:image:type\" content=\"image\/jpeg\" \/>\n<meta name=\"twitter:card\" content=\"summary_large_image\" \/>\n<meta name=\"twitter:label1\" content=\"Procijenjeno vrijeme \u010ditanja\" \/>\n\t<meta name=\"twitter:data1\" content=\"1 minuta\" \/>\n<script type=\"application\/ld+json\" class=\"yoast-schema-graph\">{\"@context\":\"https:\/\/schema.org\",\"@graph\":[{\"@type\":\"WebPage\",\"@id\":\"https:\/\/kupka.show\/activities\/\",\"url\":\"https:\/\/kupka.show\/activities\/\",\"name\":\"Activities - KupKa Scale Model Show\",\"isPartOf\":{\"@id\":\"https:\/\/kupka.show\/#website\"},\"primaryImageOfPage\":{\"@id\":\"https:\/\/kupka.show\/activities\/#primaryimage\"},\"image\":{\"@id\":\"https:\/\/kupka.show\/activities\/#primaryimage\"},\"thumbnailUrl\":\"https:\/\/kupka.show\/wp-content\/uploads\/2026\/03\/pinz.jpg\",\"datePublished\":\"2025-03-31T19:08:18+00:00\",\"dateModified\":\"2026-03-15T13:46:43+00:00\",\"breadcrumb\":{\"@id\":\"https:\/\/kupka.show\/activities\/#breadcrumb\"},\"inLanguage\":\"hr\",\"potentialAction\":[{\"@type\":\"ReadAction\",\"target\":[\"https:\/\/kupka.show\/activities\/\"]}]},{\"@type\":\"ImageObject\",\"inLanguage\":\"hr\",\"@id\":\"https:\/\/kupka.show\/activities\/#primaryimage\",\"url\":\"https:\/\/kupka.show\/wp-content\/uploads\/2026\/03\/pinz.jpg\",\"contentUrl\":\"https:\/\/kupka.show\/wp-content\/uploads\/2026\/03\/pinz.jpg\"},{\"@type\":\"BreadcrumbList\",\"@id\":\"https:\/\/kupka.show\/activities\/#breadcrumb\",\"itemListElement\":[{\"@type\":\"ListItem\",\"position\":1,\"name\":\"Home\",\"item\":\"https:\/\/kupka.show\/\"},{\"@type\":\"ListItem\",\"position\":2,\"name\":\"Activities\"}]},{\"@type\":\"WebSite\",\"@id\":\"https:\/\/kupka.show\/#website\",\"url\":\"https:\/\/kupka.show\/\",\"name\":\"KupKa Scale Model Show\",\"description\":\"KupKa Scale Model Show\",\"publisher\":{\"@id\":\"https:\/\/kupka.show\/#organization\"},\"potentialAction\":[{\"@type\":\"SearchAction\",\"target\":{\"@type\":\"EntryPoint\",\"urlTemplate\":\"https:\/\/kupka.show\/?s={search_term_string}\"},\"query-input\":{\"@type\":\"PropertyValueSpecification\",\"valueRequired\":true,\"valueName\":\"search_term_string\"}}],\"inLanguage\":\"hr\"},{\"@type\":\"Organization\",\"@id\":\"https:\/\/kupka.show\/#organization\",\"name\":\"KupKa Scale Model Show\",\"url\":\"https:\/\/kupka.show\/\",\"logo\":{\"@type\":\"ImageObject\",\"inLanguage\":\"hr\",\"@id\":\"https:\/\/kupka.show\/#\/schema\/logo\/image\/\",\"url\":\"https:\/\/kupka.show\/wp-content\/uploads\/2023\/09\/cropped-KupKA_logotip_FINAL_POZITIV_blue-1.png\",\"contentUrl\":\"https:\/\/kupka.show\/wp-content\/uploads\/2023\/09\/cropped-KupKA_logotip_FINAL_POZITIV_blue-1.png\",\"width\":512,\"height\":512,\"caption\":\"KupKa Scale Model Show\"},\"image\":{\"@id\":\"https:\/\/kupka.show\/#\/schema\/logo\/image\/\"},\"sameAs\":[\"https:\/\/www.facebook.com\/KupKaShow\",\"https:\/\/www.instagram.com\/kupka_scale_model_show\/\"]}]}<\/script>\n<!-- \/ Yoast SEO plugin. -->","yoast_head_json":{"title":"Activities - KupKa Scale Model Show","robots":{"index":"index","follow":"follow","max-snippet":"max-snippet:-1","max-image-preview":"max-image-preview:large","max-video-preview":"max-video-preview:-1"},"canonical":"https:\/\/kupka.show\/hr\/activities\/","og_locale":"hr_HR","og_type":"article","og_title":"Activities - KupKa Scale Model Show","og_description":"One of the accompanying events of the KupKa Scale Model Show will be a ride along the front line with a retired Brigadier Dubravko Halovani\u0107! The ride will last approximately 40 minutes, and the price per person is \u20ac5! (Children under 5 years old: free!) 10:00-16:00!","og_url":"https:\/\/kupka.show\/hr\/activities\/","og_site_name":"KupKa Scale Model Show","article_publisher":"https:\/\/www.facebook.com\/KupKaShow","article_modified_time":"2026-03-15T13:46:43+00:00","og_image":[{"width":2048,"height":1365,"url":"https:\/\/kupka.show\/wp-content\/uploads\/2026\/03\/pinz.jpg","type":"image\/jpeg"}],"twitter_card":"summary_large_image","twitter_misc":{"Procijenjeno vrijeme \u010ditanja":"1 minuta"},"schema":{"@context":"https:\/\/schema.org","@graph":[{"@type":"WebPage","@id":"https:\/\/kupka.show\/activities\/","url":"https:\/\/kupka.show\/activities\/","name":"Activities - KupKa Scale Model Show","isPartOf":{"@id":"https:\/\/kupka.show\/#website"},"primaryImageOfPage":{"@id":"https:\/\/kupka.show\/activities\/#primaryimage"},"image":{"@id":"https:\/\/kupka.show\/activities\/#primaryimage"},"thumbnailUrl":"https:\/\/kupka.show\/wp-content\/uploads\/2026\/03\/pinz.jpg","datePublished":"2025-03-31T19:08:18+00:00","dateModified":"2026-03-15T13:46:43+00:00","breadcrumb":{"@id":"https:\/\/kupka.show\/activities\/#breadcrumb"},"inLanguage":"hr","potentialAction":[{"@type":"ReadAction","target":["https:\/\/kupka.show\/activities\/"]}]},{"@type":"ImageObject","inLanguage":"hr","@id":"https:\/\/kupka.show\/activities\/#primaryimage","url":"https:\/\/kupka.show\/wp-content\/uploads\/2026\/03\/pinz.jpg","contentUrl":"https:\/\/kupka.show\/wp-content\/uploads\/2026\/03\/pinz.jpg"},{"@type":"BreadcrumbList","@id":"https:\/\/kupka.show\/activities\/#breadcrumb","itemListElement":[{"@type":"ListItem","position":1,"name":"Home","item":"https:\/\/kupka.show\/"},{"@type":"ListItem","position":2,"name":"Activities"}]},{"@type":"WebSite","@id":"https:\/\/kupka.show\/#website","url":"https:\/\/kupka.show\/","name":"KupKa Scale Model Show","description":"KupKa Scale Model Show","publisher":{"@id":"https:\/\/kupka.show\/#organization"},"potentialAction":[{"@type":"SearchAction","target":{"@type":"EntryPoint","urlTemplate":"https:\/\/kupka.show\/?s={search_term_string}"},"query-input":{"@type":"PropertyValueSpecification","valueRequired":true,"valueName":"search_term_string"}}],"inLanguage":"hr"},{"@type":"Organization","@id":"https:\/\/kupka.show\/#organization","name":"KupKa Scale Model Show","url":"https:\/\/kupka.show\/","logo":{"@type":"ImageObject","inLanguage":"hr","@id":"https:\/\/kupka.show\/#\/schema\/logo\/image\/","url":"https:\/\/kupka.show\/wp-content\/uploads\/2023\/09\/cropped-KupKA_logotip_FINAL_POZITIV_blue-1.png","contentUrl":"https:\/\/kupka.show\/wp-content\/uploads\/2023\/09\/cropped-KupKA_logotip_FINAL_POZITIV_blue-1.png","width":512,"height":512,"caption":"KupKa Scale Model Show"},"image":{"@id":"https:\/\/kupka.show\/#\/schema\/logo\/image\/"},"sameAs":["https:\/\/www.facebook.com\/KupKaShow","https:\/\/www.instagram.com\/kupka_scale_model_show\/"]}]}},"_links":{"self":[{"href":"https:\/\/kupka.show\/hr\/wp-json\/wp\/v2\/pages\/160","targetHints":{"allow":["GET"]}}],"collection":[{"href":"https:\/\/kupka.show\/hr\/wp-json\/wp\/v2\/pages"}],"about":[{"href":"https:\/\/kupka.show\/hr\/wp-json\/wp\/v2\/types\/page"}],"author":[{"embeddable":true,"href":"https:\/\/kupka.show\/hr\/wp-json\/wp\/v2\/users\/1"}],"replies":[{"embeddable":true,"href":"https:\/\/kupka.show\/hr\/wp-json\/wp\/v2\/comments?post=160"}],"version-history":[{"count":44,"href":"https:\/\/kupka.show\/hr\/wp-json\/wp\/v2\/pages\/160\/revisions"}],"predecessor-version":[{"id":668,"href":"https:\/\/kupka.show\/hr\/wp-json\/wp\/v2\/pages\/160\/revisions\/668"}],"wp:attachment":[{"href":"https:\/\/kupka.show\/hr\/wp-json\/wp\/v2\/media?parent=160"}],"curies":[{"name":"wp","href":"https:\/\/api.w.org\/{rel}","templated":true}]}}